{"id":651,"date":"2019-06-06T13:34:23","date_gmt":"2019-06-06T13:34:23","guid":{"rendered":"https:\/\/maiatours.pt\/porto-and-portugal-private-tours\/"},"modified":"2025-02-27T17:21:06","modified_gmt":"2025-02-27T17:21:06","slug":"porto-and-portugal-private-tours","status":"publish","type":"page","link":"https:\/\/maiatours.pt\/en\/porto-and-portugal-private-tours\/","title":{"rendered":"Tours Privados"},"content":{"rendered":"\r\n<p>&nbsp;<\/p>\r\n\r\n\r\n\r\n<p>&nbsp;<\/p>\r\n","protected":false},"excerpt":{"rendered":"<p>&nbsp; &nbsp;<\/p>\n","protected":false},"author":1,"featured_media":982,"parent":0,"menu_order":0,"comment_status":"closed","ping_status":"closed","template":"","meta":{"footnotes":""},"class_list":["post-651","page","type-page","status-publish","has-post-thumbnail","hentry"],"yoast_head":"<!-- This site is optimized with the Yoast SEO plugin v27.4 - https:\/\/yoast.com\/product\/yoast-seo-wordpress\/ -->\n<title>Private Tours - MaiaTours<\/title>\n<meta name=\"description\" content=\"Private and Custom Tours from Porto to: Douro Valley, Porto, Braga, Guimar\u00e3es, Aveiro, Coimbra, F\u00e1tima, Nazar\u00e9, Lisbon and Santiago de Compostela.\" \/>\n<meta name=\"robots\" content=\"index, follow, max-snippet:-1, max-image-preview:large, max-video-preview:-1\" \/>\n<link rel=\"canonical\" href=\"https:\/\/maiatours.pt\/en\/porto-and-portugal-private-tours\/\" \/>\n<meta property=\"og:locale\" content=\"en_US\" \/>\n<meta property=\"og:type\" content=\"article\" \/>\n<meta property=\"og:title\" content=\"Private Tours - MaiaTours\" \/>\n<meta property=\"og:description\" content=\"Private and Custom Tours from Porto to: Douro Valley, Porto, Braga, Guimar\u00e3es, Aveiro, Coimbra, F\u00e1tima, Nazar\u00e9, Lisbon and Santiago de Compostela.\" \/>\n<meta property=\"og:url\" content=\"https:\/\/maiatours.pt\/en\/porto-and-portugal-private-tours\/\" \/>\n<meta property=\"og:site_name\" content=\"MAIATOURS\" \/>\n<meta property=\"article:modified_time\" content=\"2025-02-27T17:21:06+00:00\" \/>\n<meta property=\"og:image\" content=\"https:\/\/maiatours.pt\/wp-content\/uploads\/2020\/10\/6.jpg\" \/>\n\t<meta property=\"og:image:width\" content=\"1280\" \/>\n\t<meta property=\"og:image:height\" content=\"720\" \/>\n\t<meta property=\"og:image:type\" content=\"image\/jpeg\" \/>\n<meta name=\"twitter:card\" content=\"summary_large_image\" \/>\n<meta name=\"twitter:label1\" content=\"Est. reading time\" \/>\n\t<meta name=\"twitter:data1\" content=\"1 minute\" \/>\n<script type=\"application\/ld+json\" class=\"yoast-schema-graph\">{\"@context\":\"https:\\\/\\\/schema.org\",\"@graph\":[{\"@type\":\"WebPage\",\"@id\":\"https:\\\/\\\/maiatours.pt\\\/en\\\/porto-and-portugal-private-tours\\\/\",\"url\":\"https:\\\/\\\/maiatours.pt\\\/en\\\/porto-and-portugal-private-tours\\\/\",\"name\":\"Private Tours - MaiaTours\",\"isPartOf\":{\"@id\":\"https:\\\/\\\/maiatours.pt\\\/en\\\/#website\"},\"primaryImageOfPage\":{\"@id\":\"https:\\\/\\\/maiatours.pt\\\/en\\\/porto-and-portugal-private-tours\\\/#primaryimage\"},\"image\":{\"@id\":\"https:\\\/\\\/maiatours.pt\\\/en\\\/porto-and-portugal-private-tours\\\/#primaryimage\"},\"thumbnailUrl\":\"https:\\\/\\\/maiatours.pt\\\/wp-content\\\/uploads\\\/2020\\\/10\\\/6.jpg\",\"datePublished\":\"2019-06-06T13:34:23+00:00\",\"dateModified\":\"2025-02-27T17:21:06+00:00\",\"description\":\"Private and Custom Tours from Porto to: Douro Valley, Porto, Braga, Guimar\u00e3es, Aveiro, Coimbra, F\u00e1tima, Nazar\u00e9, Lisbon and Santiago de Compostela.\",\"breadcrumb\":{\"@id\":\"https:\\\/\\\/maiatours.pt\\\/en\\\/porto-and-portugal-private-tours\\\/#breadcrumb\"},\"inLanguage\":\"en-US\",\"potentialAction\":[{\"@type\":\"ReadAction\",\"target\":[\"https:\\\/\\\/maiatours.pt\\\/en\\\/porto-and-portugal-private-tours\\\/\"]}]},{\"@type\":\"ImageObject\",\"inLanguage\":\"en-US\",\"@id\":\"https:\\\/\\\/maiatours.pt\\\/en\\\/porto-and-portugal-private-tours\\\/#primaryimage\",\"url\":\"https:\\\/\\\/maiatours.pt\\\/wp-content\\\/uploads\\\/2020\\\/10\\\/6.jpg\",\"contentUrl\":\"https:\\\/\\\/maiatours.pt\\\/wp-content\\\/uploads\\\/2020\\\/10\\\/6.jpg\",\"width\":1280,\"height\":720},{\"@type\":\"BreadcrumbList\",\"@id\":\"https:\\\/\\\/maiatours.pt\\\/en\\\/porto-and-portugal-private-tours\\\/#breadcrumb\",\"itemListElement\":[{\"@type\":\"ListItem\",\"position\":1,\"name\":\"In\u00edcio\",\"item\":\"https:\\\/\\\/maiatours.pt\\\/en\\\/\"},{\"@type\":\"ListItem\",\"position\":2,\"name\":\"Tours Privados\"}]},{\"@type\":\"WebSite\",\"@id\":\"https:\\\/\\\/maiatours.pt\\\/en\\\/#website\",\"url\":\"https:\\\/\\\/maiatours.pt\\\/en\\\/\",\"name\":\"MAIATOURS\",\"description\":\"Private Tours &amp; Transportation\",\"publisher\":{\"@id\":\"https:\\\/\\\/maiatours.pt\\\/en\\\/#organization\"},\"potentialAction\":[{\"@type\":\"SearchAction\",\"target\":{\"@type\":\"EntryPoint\",\"urlTemplate\":\"https:\\\/\\\/maiatours.pt\\\/en\\\/?s={search_term_string}\"},\"query-input\":{\"@type\":\"PropertyValueSpecification\",\"valueRequired\":true,\"valueName\":\"search_term_string\"}}],\"inLanguage\":\"en-US\"},{\"@type\":\"Organization\",\"@id\":\"https:\\\/\\\/maiatours.pt\\\/en\\\/#organization\",\"name\":\"MaiaTours\",\"url\":\"https:\\\/\\\/maiatours.pt\\\/en\\\/\",\"logo\":{\"@type\":\"ImageObject\",\"inLanguage\":\"en-US\",\"@id\":\"https:\\\/\\\/maiatours.pt\\\/en\\\/#\\\/schema\\\/logo\\\/image\\\/\",\"url\":\"https:\\\/\\\/maiatours.pt\\\/wp-content\\\/uploads\\\/2020\\\/05\\\/logo-MT.png\",\"contentUrl\":\"https:\\\/\\\/maiatours.pt\\\/wp-content\\\/uploads\\\/2020\\\/05\\\/logo-MT.png\",\"width\":2363,\"height\":2363,\"caption\":\"MaiaTours\"},\"image\":{\"@id\":\"https:\\\/\\\/maiatours.pt\\\/en\\\/#\\\/schema\\\/logo\\\/image\\\/\"}}]}<\/script>\n<!-- \/ Yoast SEO plugin. -->","yoast_head_json":{"title":"Private Tours - MaiaTours","description":"Private and Custom Tours from Porto to: Douro Valley, Porto, Braga, Guimar\u00e3es, Aveiro, Coimbra, F\u00e1tima, Nazar\u00e9, Lisbon and Santiago de Compostela.","robots":{"index":"index","follow":"follow","max-snippet":"max-snippet:-1","max-image-preview":"max-image-preview:large","max-video-preview":"max-video-preview:-1"},"canonical":"https:\/\/maiatours.pt\/en\/porto-and-portugal-private-tours\/","og_locale":"en_US","og_type":"article","og_title":"Private Tours - MaiaTours","og_description":"Private and Custom Tours from Porto to: Douro Valley, Porto, Braga, Guimar\u00e3es, Aveiro, Coimbra, F\u00e1tima, Nazar\u00e9, Lisbon and Santiago de Compostela.","og_url":"https:\/\/maiatours.pt\/en\/porto-and-portugal-private-tours\/","og_site_name":"MAIATOURS","article_modified_time":"2025-02-27T17:21:06+00:00","og_image":[{"width":1280,"height":720,"url":"https:\/\/maiatours.pt\/wp-content\/uploads\/2020\/10\/6.jpg","type":"image\/jpeg"}],"twitter_card":"summary_large_image","twitter_misc":{"Est. reading time":"1 minute"},"schema":{"@context":"https:\/\/schema.org","@graph":[{"@type":"WebPage","@id":"https:\/\/maiatours.pt\/en\/porto-and-portugal-private-tours\/","url":"https:\/\/maiatours.pt\/en\/porto-and-portugal-private-tours\/","name":"Private Tours - MaiaTours","isPartOf":{"@id":"https:\/\/maiatours.pt\/en\/#website"},"primaryImageOfPage":{"@id":"https:\/\/maiatours.pt\/en\/porto-and-portugal-private-tours\/#primaryimage"},"image":{"@id":"https:\/\/maiatours.pt\/en\/porto-and-portugal-private-tours\/#primaryimage"},"thumbnailUrl":"https:\/\/maiatours.pt\/wp-content\/uploads\/2020\/10\/6.jpg","datePublished":"2019-06-06T13:34:23+00:00","dateModified":"2025-02-27T17:21:06+00:00","description":"Private and Custom Tours from Porto to: Douro Valley, Porto, Braga, Guimar\u00e3es, Aveiro, Coimbra, F\u00e1tima, Nazar\u00e9, Lisbon and Santiago de Compostela.","breadcrumb":{"@id":"https:\/\/maiatours.pt\/en\/porto-and-portugal-private-tours\/#breadcrumb"},"inLanguage":"en-US","potentialAction":[{"@type":"ReadAction","target":["https:\/\/maiatours.pt\/en\/porto-and-portugal-private-tours\/"]}]},{"@type":"ImageObject","inLanguage":"en-US","@id":"https:\/\/maiatours.pt\/en\/porto-and-portugal-private-tours\/#primaryimage","url":"https:\/\/maiatours.pt\/wp-content\/uploads\/2020\/10\/6.jpg","contentUrl":"https:\/\/maiatours.pt\/wp-content\/uploads\/2020\/10\/6.jpg","width":1280,"height":720},{"@type":"BreadcrumbList","@id":"https:\/\/maiatours.pt\/en\/porto-and-portugal-private-tours\/#breadcrumb","itemListElement":[{"@type":"ListItem","position":1,"name":"In\u00edcio","item":"https:\/\/maiatours.pt\/en\/"},{"@type":"ListItem","position":2,"name":"Tours Privados"}]},{"@type":"WebSite","@id":"https:\/\/maiatours.pt\/en\/#website","url":"https:\/\/maiatours.pt\/en\/","name":"MAIATOURS","description":"Private Tours &amp; Transportation","publisher":{"@id":"https:\/\/maiatours.pt\/en\/#organization"},"potentialAction":[{"@type":"SearchAction","target":{"@type":"EntryPoint","urlTemplate":"https:\/\/maiatours.pt\/en\/?s={search_term_string}"},"query-input":{"@type":"PropertyValueSpecification","valueRequired":true,"valueName":"search_term_string"}}],"inLanguage":"en-US"},{"@type":"Organization","@id":"https:\/\/maiatours.pt\/en\/#organization","name":"MaiaTours","url":"https:\/\/maiatours.pt\/en\/","logo":{"@type":"ImageObject","inLanguage":"en-US","@id":"https:\/\/maiatours.pt\/en\/#\/schema\/logo\/image\/","url":"https:\/\/maiatours.pt\/wp-content\/uploads\/2020\/05\/logo-MT.png","contentUrl":"https:\/\/maiatours.pt\/wp-content\/uploads\/2020\/05\/logo-MT.png","width":2363,"height":2363,"caption":"MaiaTours"},"image":{"@id":"https:\/\/maiatours.pt\/en\/#\/schema\/logo\/image\/"}}]}},"_links":{"self":[{"href":"https:\/\/maiatours.pt\/en\/wp-json\/wp\/v2\/pages\/651","targetHints":{"allow":["GET"]}}],"collection":[{"href":"https:\/\/maiatours.pt\/en\/wp-json\/wp\/v2\/pages"}],"about":[{"href":"https:\/\/maiatours.pt\/en\/wp-json\/wp\/v2\/types\/page"}],"author":[{"embeddable":true,"href":"https:\/\/maiatours.pt\/en\/wp-json\/wp\/v2\/users\/1"}],"replies":[{"embeddable":true,"href":"https:\/\/maiatours.pt\/en\/wp-json\/wp\/v2\/comments?post=651"}],"version-history":[{"count":3,"href":"https:\/\/maiatours.pt\/en\/wp-json\/wp\/v2\/pages\/651\/revisions"}],"predecessor-version":[{"id":729,"href":"https:\/\/maiatours.pt\/en\/wp-json\/wp\/v2\/pages\/651\/revisions\/729"}],"wp:featuredmedia":[{"embeddable":true,"href":"https:\/\/maiatours.pt\/en\/wp-json\/wp\/v2\/media\/982"}],"wp:attachment":[{"href":"https:\/\/maiatours.pt\/en\/wp-json\/wp\/v2\/media?parent=651"}],"curies":[{"name":"wp","href":"https:\/\/api.w.org\/{rel}","templated":true}]}}