{"id":123,"date":"2014-09-16T08:58:31","date_gmt":"2014-09-16T08:58:31","guid":{"rendered":"http:\/\/themes.muffingroup.com\/be\/tourist\/?page_id=2"},"modified":"2025-03-20T10:01:03","modified_gmt":"2025-03-20T10:01:03","slug":"home","status":"publish","type":"page","link":"https:\/\/maiatours.pt\/pt-pt\/","title":{"rendered":"Home"},"content":{"rendered":"","protected":false},"excerpt":{"rendered":"","protected":false},"author":1,"featured_media":1000,"parent":0,"menu_order":0,"comment_status":"open","ping_status":"open","template":"","meta":{"footnotes":""},"class_list":["post-123","page","type-page","status-publish","has-post-thumbnail","hentry"],"yoast_head":"<!-- This site is optimized with the Yoast SEO plugin v27.4 - https:\/\/yoast.com\/product\/yoast-seo-wordpress\/ -->\n<title>Porto e Portugal Tours Privados e Transporte<\/title>\n<meta name=\"description\" content=\"Tours Privados desde o Porto para: Vale do Douro, Braga, Guimar\u00e3es, Aveiro, Coimbra, Nazar\u00e9, F\u00e1tima, Lisboa e Santiago de Compostela. Aeroporto Porto Transfers e T\u00e1xi.\" \/>\n<meta name=\"robots\" content=\"index, follow, max-snippet:-1, max-image-preview:large, max-video-preview:-1\" \/>\n<link rel=\"canonical\" href=\"https:\/\/maiatours.pt\/pt-pt\/\" \/>\n<meta property=\"og:locale\" content=\"pt_PT\" \/>\n<meta property=\"og:type\" content=\"article\" \/>\n<meta property=\"og:title\" content=\"Porto e Portugal Tours Privados e Transporte\" \/>\n<meta property=\"og:description\" content=\"Tours Privados desde o Porto para: Vale do Douro, Braga, Guimar\u00e3es, Aveiro, Coimbra, Nazar\u00e9, F\u00e1tima, Lisboa e Santiago de Compostela. Aeroporto Porto Transfers e T\u00e1xi.\" \/>\n<meta property=\"og:url\" content=\"https:\/\/maiatours.pt\/pt-pt\/\" \/>\n<meta property=\"og:site_name\" content=\"MAIATOURS\" \/>\n<meta property=\"article:modified_time\" content=\"2025-03-20T10:01:03+00:00\" \/>\n<meta property=\"og:image\" content=\"https:\/\/maiatours.pt\/wp-content\/uploads\/2021\/02\/MT3-e1612296061467.jpg\" \/>\n\t<meta property=\"og:image:width\" content=\"889\" \/>\n\t<meta property=\"og:image:height\" content=\"720\" \/>\n\t<meta property=\"og:image:type\" content=\"image\/jpeg\" \/>\n<meta name=\"twitter:card\" content=\"summary_large_image\" \/>\n<meta name=\"twitter:label1\" content=\"Tempo estimado de leitura\" \/>\n\t<meta name=\"twitter:data1\" content=\"1 minuto\" \/>\n<script type=\"application\/ld+json\" class=\"yoast-schema-graph\">{\"@context\":\"https:\\\/\\\/schema.org\",\"@graph\":[{\"@type\":\"WebPage\",\"@id\":\"https:\\\/\\\/maiatours.pt\\\/pt-pt\\\/\",\"url\":\"https:\\\/\\\/maiatours.pt\\\/pt-pt\\\/\",\"name\":\"Porto e Portugal Tours Privados e Transporte\",\"isPartOf\":{\"@id\":\"https:\\\/\\\/maiatours.pt\\\/pt-pt\\\/#website\"},\"primaryImageOfPage\":{\"@id\":\"https:\\\/\\\/maiatours.pt\\\/pt-pt\\\/#primaryimage\"},\"image\":{\"@id\":\"https:\\\/\\\/maiatours.pt\\\/pt-pt\\\/#primaryimage\"},\"thumbnailUrl\":\"https:\\\/\\\/maiatours.pt\\\/wp-content\\\/uploads\\\/2021\\\/02\\\/MT3-e1612296061467.jpg\",\"datePublished\":\"2014-09-16T08:58:31+00:00\",\"dateModified\":\"2025-03-20T10:01:03+00:00\",\"description\":\"Tours Privados desde o Porto para: Vale do Douro, Braga, Guimar\u00e3es, Aveiro, Coimbra, Nazar\u00e9, F\u00e1tima, Lisboa e Santiago de Compostela. Aeroporto Porto Transfers e T\u00e1xi.\",\"breadcrumb\":{\"@id\":\"https:\\\/\\\/maiatours.pt\\\/pt-pt\\\/#breadcrumb\"},\"inLanguage\":\"pt-PT\",\"potentialAction\":[{\"@type\":\"ReadAction\",\"target\":[\"https:\\\/\\\/maiatours.pt\\\/pt-pt\\\/\"]}]},{\"@type\":\"ImageObject\",\"inLanguage\":\"pt-PT\",\"@id\":\"https:\\\/\\\/maiatours.pt\\\/pt-pt\\\/#primaryimage\",\"url\":\"https:\\\/\\\/maiatours.pt\\\/wp-content\\\/uploads\\\/2021\\\/02\\\/MT3-e1612296061467.jpg\",\"contentUrl\":\"https:\\\/\\\/maiatours.pt\\\/wp-content\\\/uploads\\\/2021\\\/02\\\/MT3-e1612296061467.jpg\",\"width\":889,\"height\":720},{\"@type\":\"BreadcrumbList\",\"@id\":\"https:\\\/\\\/maiatours.pt\\\/pt-pt\\\/#breadcrumb\",\"itemListElement\":[{\"@type\":\"ListItem\",\"position\":1,\"name\":\"In\u00edcio\",\"item\":\"https:\\\/\\\/maiatours.pt\\\/pt-pt\\\/\"},{\"@type\":\"ListItem\",\"position\":2,\"name\":\"Home\"}]},{\"@type\":\"WebSite\",\"@id\":\"https:\\\/\\\/maiatours.pt\\\/pt-pt\\\/#website\",\"url\":\"https:\\\/\\\/maiatours.pt\\\/pt-pt\\\/\",\"name\":\"MAIATOURS\",\"description\":\"Private Tours &amp; Transportation\",\"publisher\":{\"@id\":\"https:\\\/\\\/maiatours.pt\\\/pt-pt\\\/#organization\"},\"potentialAction\":[{\"@type\":\"SearchAction\",\"target\":{\"@type\":\"EntryPoint\",\"urlTemplate\":\"https:\\\/\\\/maiatours.pt\\\/pt-pt\\\/?s={search_term_string}\"},\"query-input\":{\"@type\":\"PropertyValueSpecification\",\"valueRequired\":true,\"valueName\":\"search_term_string\"}}],\"inLanguage\":\"pt-PT\"},{\"@type\":\"Organization\",\"@id\":\"https:\\\/\\\/maiatours.pt\\\/pt-pt\\\/#organization\",\"name\":\"MaiaTours\",\"url\":\"https:\\\/\\\/maiatours.pt\\\/pt-pt\\\/\",\"logo\":{\"@type\":\"ImageObject\",\"inLanguage\":\"pt-PT\",\"@id\":\"https:\\\/\\\/maiatours.pt\\\/pt-pt\\\/#\\\/schema\\\/logo\\\/image\\\/\",\"url\":\"https:\\\/\\\/maiatours.pt\\\/wp-content\\\/uploads\\\/2020\\\/05\\\/logo-MT.png\",\"contentUrl\":\"https:\\\/\\\/maiatours.pt\\\/wp-content\\\/uploads\\\/2020\\\/05\\\/logo-MT.png\",\"width\":2363,\"height\":2363,\"caption\":\"MaiaTours\"},\"image\":{\"@id\":\"https:\\\/\\\/maiatours.pt\\\/pt-pt\\\/#\\\/schema\\\/logo\\\/image\\\/\"}}]}<\/script>\n<!-- \/ Yoast SEO plugin. -->","yoast_head_json":{"title":"Porto e Portugal Tours Privados e Transporte","description":"Tours Privados desde o Porto para: Vale do Douro, Braga, Guimar\u00e3es, Aveiro, Coimbra, Nazar\u00e9, F\u00e1tima, Lisboa e Santiago de Compostela. Aeroporto Porto Transfers e T\u00e1xi.","robots":{"index":"index","follow":"follow","max-snippet":"max-snippet:-1","max-image-preview":"max-image-preview:large","max-video-preview":"max-video-preview:-1"},"canonical":"https:\/\/maiatours.pt\/pt-pt\/","og_locale":"pt_PT","og_type":"article","og_title":"Porto e Portugal Tours Privados e Transporte","og_description":"Tours Privados desde o Porto para: Vale do Douro, Braga, Guimar\u00e3es, Aveiro, Coimbra, Nazar\u00e9, F\u00e1tima, Lisboa e Santiago de Compostela. Aeroporto Porto Transfers e T\u00e1xi.","og_url":"https:\/\/maiatours.pt\/pt-pt\/","og_site_name":"MAIATOURS","article_modified_time":"2025-03-20T10:01:03+00:00","og_image":[{"width":889,"height":720,"url":"https:\/\/maiatours.pt\/wp-content\/uploads\/2021\/02\/MT3-e1612296061467.jpg","type":"image\/jpeg"}],"twitter_card":"summary_large_image","twitter_misc":{"Tempo estimado de leitura":"1 minuto"},"schema":{"@context":"https:\/\/schema.org","@graph":[{"@type":"WebPage","@id":"https:\/\/maiatours.pt\/pt-pt\/","url":"https:\/\/maiatours.pt\/pt-pt\/","name":"Porto e Portugal Tours Privados e Transporte","isPartOf":{"@id":"https:\/\/maiatours.pt\/pt-pt\/#website"},"primaryImageOfPage":{"@id":"https:\/\/maiatours.pt\/pt-pt\/#primaryimage"},"image":{"@id":"https:\/\/maiatours.pt\/pt-pt\/#primaryimage"},"thumbnailUrl":"https:\/\/maiatours.pt\/wp-content\/uploads\/2021\/02\/MT3-e1612296061467.jpg","datePublished":"2014-09-16T08:58:31+00:00","dateModified":"2025-03-20T10:01:03+00:00","description":"Tours Privados desde o Porto para: Vale do Douro, Braga, Guimar\u00e3es, Aveiro, Coimbra, Nazar\u00e9, F\u00e1tima, Lisboa e Santiago de Compostela. Aeroporto Porto Transfers e T\u00e1xi.","breadcrumb":{"@id":"https:\/\/maiatours.pt\/pt-pt\/#breadcrumb"},"inLanguage":"pt-PT","potentialAction":[{"@type":"ReadAction","target":["https:\/\/maiatours.pt\/pt-pt\/"]}]},{"@type":"ImageObject","inLanguage":"pt-PT","@id":"https:\/\/maiatours.pt\/pt-pt\/#primaryimage","url":"https:\/\/maiatours.pt\/wp-content\/uploads\/2021\/02\/MT3-e1612296061467.jpg","contentUrl":"https:\/\/maiatours.pt\/wp-content\/uploads\/2021\/02\/MT3-e1612296061467.jpg","width":889,"height":720},{"@type":"BreadcrumbList","@id":"https:\/\/maiatours.pt\/pt-pt\/#breadcrumb","itemListElement":[{"@type":"ListItem","position":1,"name":"In\u00edcio","item":"https:\/\/maiatours.pt\/pt-pt\/"},{"@type":"ListItem","position":2,"name":"Home"}]},{"@type":"WebSite","@id":"https:\/\/maiatours.pt\/pt-pt\/#website","url":"https:\/\/maiatours.pt\/pt-pt\/","name":"MAIATOURS","description":"Private Tours &amp; Transportation","publisher":{"@id":"https:\/\/maiatours.pt\/pt-pt\/#organization"},"potentialAction":[{"@type":"SearchAction","target":{"@type":"EntryPoint","urlTemplate":"https:\/\/maiatours.pt\/pt-pt\/?s={search_term_string}"},"query-input":{"@type":"PropertyValueSpecification","valueRequired":true,"valueName":"search_term_string"}}],"inLanguage":"pt-PT"},{"@type":"Organization","@id":"https:\/\/maiatours.pt\/pt-pt\/#organization","name":"MaiaTours","url":"https:\/\/maiatours.pt\/pt-pt\/","logo":{"@type":"ImageObject","inLanguage":"pt-PT","@id":"https:\/\/maiatours.pt\/pt-pt\/#\/schema\/logo\/image\/","url":"https:\/\/maiatours.pt\/wp-content\/uploads\/2020\/05\/logo-MT.png","contentUrl":"https:\/\/maiatours.pt\/wp-content\/uploads\/2020\/05\/logo-MT.png","width":2363,"height":2363,"caption":"MaiaTours"},"image":{"@id":"https:\/\/maiatours.pt\/pt-pt\/#\/schema\/logo\/image\/"}}]}},"_links":{"self":[{"href":"https:\/\/maiatours.pt\/pt-pt\/wp-json\/wp\/v2\/pages\/123","targetHints":{"allow":["GET"]}}],"collection":[{"href":"https:\/\/maiatours.pt\/pt-pt\/wp-json\/wp\/v2\/pages"}],"about":[{"href":"https:\/\/maiatours.pt\/pt-pt\/wp-json\/wp\/v2\/types\/page"}],"author":[{"embeddable":true,"href":"https:\/\/maiatours.pt\/pt-pt\/wp-json\/wp\/v2\/users\/1"}],"replies":[{"embeddable":true,"href":"https:\/\/maiatours.pt\/pt-pt\/wp-json\/wp\/v2\/comments?post=123"}],"version-history":[{"count":4,"href":"https:\/\/maiatours.pt\/pt-pt\/wp-json\/wp\/v2\/pages\/123\/revisions"}],"predecessor-version":[{"id":898,"href":"https:\/\/maiatours.pt\/pt-pt\/wp-json\/wp\/v2\/pages\/123\/revisions\/898"}],"wp:featuredmedia":[{"embeddable":true,"href":"https:\/\/maiatours.pt\/pt-pt\/wp-json\/wp\/v2\/media\/1000"}],"wp:attachment":[{"href":"https:\/\/maiatours.pt\/pt-pt\/wp-json\/wp\/v2\/media?parent=123"}],"curies":[{"name":"wp","href":"https:\/\/api.w.org\/{rel}","templated":true}]}}